{"id":2438,"date":"2018-06-20T19:39:52","date_gmt":"2018-06-20T18:39:52","guid":{"rendered":"http:\/\/caniskol.fr\/?page_id=2438"},"modified":"2026-03-30T13:35:06","modified_gmt":"2026-03-30T12:35:06","slug":"balades-sociales-chiots-et-chiens","status":"publish","type":"page","link":"http:\/\/caniskol.fr\/index.php\/balades-sociales-chiots-et-chiens\/","title":{"rendered":"Balades sociales"},"content":{"rendered":"<p style=\"text-align: justify;\"><strong>Vous avez un chiot\/chien et vous souhaitez le socialiser ? Les balades sociales sont l\u2019occasion pour votre chien d\u2019enrichir sa vie sociale, de faire de nouvelles rencontres canines et humaines et d\u2019enrichir toujours plus sa communication canine et son r\u00e9pertoire comportemental<\/strong><\/p>\n<p style=\"text-align: justify;\"><strong><img loading=\"lazy\" class=\"aligncenter wp-image-3672 size-full\" src=\"http:\/\/caniskol.fr\/wp-content\/uploads\/2021\/11\/242489733_2328871580581593_7952986595942559408_n-2.jpg\" alt=\"\" width=\"956\" height=\"591\"><\/strong><\/p>\n<p style=\"text-align: justify;\">Les balades sociales s\u2019adressent :<br \/>\n\u2013 Aux chiots qui ont besoin d\u2019\u00eatre socialiser, de rencontrer du monde (cong\u00e9n\u00e8res et humains), d\u2019\u00eatre stimuler dans des environnements vari\u00e9s, d\u2019\u00eatre d\u00e9penser.<br \/>\n\u2013 Aux chiots\/chiens sensibles, timides, qui manque d\u2019assurance et\/ou qui \u00e9mettent de la r\u00e9serve envers humains et cong\u00e9n\u00e8res.<br \/>\n\u2013 Aux personnes qui souhaitent tout simplement se promener en groupe dans une ambiance conviviale.<br \/>\nC\u2019est aussi un moment de partage avec votre chien, un moyen de renforcer votre complicit\u00e9, de toujours mieux le comprendre et l\u2019aider \u00e0 \u00e9voluer et s\u2019adapter \u00e0 notre soci\u00e9t\u00e9 humaine.<br \/>\nLes balades se d\u00e9roulent en plusieurs temps: d\u00e9marrage en laisse ou longe, les chiens qui ont un bon rappel sont ensuite d\u00e9tach\u00e9s pendant la balade. Pour le plaisir des petits et grands, nous terminons avec un moment de jeux collectifs.<\/p>\n<p>N\u2019h\u00e9sitez pas \u00e0 inviter vos ami(e)s !<\/p>\n<p>Conditions d\u2019admissions : Chien sociable uniquement ! Animal d\u00e9parasit\u00e9, identifi\u00e9 et vaccins \u00e0 jour.<br \/>\nOuvert \u00e0 toutes les races, tous les \u00e2ges \u00e0 partir de 6 mois.<br \/>\nSi je ne connais pas encore votre chien, je vous invite \u00e0 se rencontrer au terrain Cani\u2019Skol \u00e0 Maure de Bretagne afin de v\u00e9rifier la sociabilit\u00e9 de votre compagnon pour vous orienter sur des balades qui conviendront \u00e0 votre profil<\/p>\n<p>Dur\u00e9e: 1h30<br \/>\nTarif: 15\u20ac\/chien<br \/>\nNombre de place limit\u00e9e \u00e0 10 chiens. Inscription obligatoire par t\u00e9l\u00e9phone au 06.66.46.33.62 ou sur notre page fb:&nbsp;<a href=\"https:\/\/www.facebook.com\/pg\/caniskol\/events\" target=\"_blank\" rel=\"noopener\">https:\/\/www.facebook.com\/baladescaniskol<\/a><\/p>\n<p>Les inscriptions sont fermes et d\u00e9finitives&nbsp;!<\/p>\n\n\t\t<style type=\"text\/css\">\n\t\t\t#gallery-1 {\n\t\t\t\tmargin: auto;\n\t\t\t}\n\t\t\t#gallery-1 .gallery-item {\n\t\t\t\tfloat: left;\n\t\t\t\tmargin-top: 10px;\n\t\t\t\ttext-align: center;\n\t\t\t\twidth: 50%;\n\t\t\t}\n\t\t\t#gallery-1 img {\n\t\t\t\tborder: 2px solid #cfcfcf;\n\t\t\t}\n\t\t\t#gallery-1 .gallery-caption {\n\t\t\t\tmargin-left: 0;\n\t\t\t}\n\t\t\t\/* see gallery_shortcode() in wp-includes\/media.php *\/\n\t\t<\/style>\n\t\t<div id='gallery-1' class='gallery galleryid-2438 gallery-columns-2 gallery-size-full'><dl class='gallery-item'>\n\t\t\t<dt class='gallery-icon landscape'>\n\t\t\t\t<img width=\"1728\" height=\"1296\" src=\"http:\/\/caniskol.fr\/wp-content\/uploads\/2018\/06\/64926386_1554615851340507_5237005803294031872_o.jpg\" class=\"attachment-full size-full\" alt=\"\" loading=\"lazy\" srcset=\"http:\/\/caniskol.fr\/wp-content\/uploads\/2018\/06\/64926386_1554615851340507_5237005803294031872_o.jpg 1728w, http:\/\/caniskol.fr\/wp-content\/uploads\/2018\/06\/64926386_1554615851340507_5237005803294031872_o-300x225.jpg 300w, http:\/\/caniskol.fr\/wp-content\/uploads\/2018\/06\/64926386_1554615851340507_5237005803294031872_o-768x576.jpg 768w, http:\/\/caniskol.fr\/wp-content\/uploads\/2018\/06\/64926386_1554615851340507_5237005803294031872_o-1024x768.jpg 1024w\" sizes=\"(max-width: 1728px) 100vw, 1728px\" \/>\n\t\t\t<\/dt><\/dl><dl class='gallery-item'>\n\t\t\t<dt class='gallery-icon landscape'>\n\t\t\t\t<img width=\"960\" height=\"720\" src=\"http:\/\/caniskol.fr\/wp-content\/uploads\/2021\/11\/242489733_2328871580581593_7952986595942559408_n.jpg\" class=\"attachment-full size-full\" alt=\"\" loading=\"lazy\" srcset=\"http:\/\/caniskol.fr\/wp-content\/uploads\/2021\/11\/242489733_2328871580581593_7952986595942559408_n.jpg 960w, http:\/\/caniskol.fr\/wp-content\/uploads\/2021\/11\/242489733_2328871580581593_7952986595942559408_n-300x225.jpg 300w, http:\/\/caniskol.fr\/wp-content\/uploads\/2021\/11\/242489733_2328871580581593_7952986595942559408_n-768x576.jpg 768w\" sizes=\"(max-width: 960px) 100vw, 960px\" \/>\n\t\t\t<\/dt><\/dl><br style=\"clear: both\" \/><dl class='gallery-item'>\n\t\t\t<dt class='gallery-icon landscape'>\n\t\t\t\t<img width=\"1728\" height=\"1296\" src=\"http:\/\/caniskol.fr\/wp-content\/uploads\/2018\/06\/balade-caniskol-juillet-2019.jpg\" class=\"attachment-full size-full\" alt=\"\" loading=\"lazy\" srcset=\"http:\/\/caniskol.fr\/wp-content\/uploads\/2018\/06\/balade-caniskol-juillet-2019.jpg 1728w, http:\/\/caniskol.fr\/wp-content\/uploads\/2018\/06\/balade-caniskol-juillet-2019-300x225.jpg 300w, http:\/\/caniskol.fr\/wp-content\/uploads\/2018\/06\/balade-caniskol-juillet-2019-768x576.jpg 768w, http:\/\/caniskol.fr\/wp-content\/uploads\/2018\/06\/balade-caniskol-juillet-2019-1024x768.jpg 1024w\" sizes=\"(max-width: 1728px) 100vw, 1728px\" \/>\n\t\t\t<\/dt><\/dl><dl class='gallery-item'>\n\t\t\t<dt class='gallery-icon landscape'>\n\t\t\t\t<img width=\"2560\" height=\"1707\" src=\"http:\/\/caniskol.fr\/wp-content\/uploads\/2021\/11\/marche-1-scaled.jpg\" class=\"attachment-full size-full\" alt=\"\" loading=\"lazy\" srcset=\"http:\/\/caniskol.fr\/wp-content\/uploads\/2021\/11\/marche-1-scaled.jpg 2560w, http:\/\/caniskol.fr\/wp-content\/uploads\/2021\/11\/marche-1-300x200.jpg 300w, http:\/\/caniskol.fr\/wp-content\/uploads\/2021\/11\/marche-1-1024x683.jpg 1024w, http:\/\/caniskol.fr\/wp-content\/uploads\/2021\/11\/marche-1-768x512.jpg 768w, http:\/\/caniskol.fr\/wp-content\/uploads\/2021\/11\/marche-1-1536x1024.jpg 1536w, http:\/\/caniskol.fr\/wp-content\/uploads\/2021\/11\/marche-1-2048x1365.jpg 2048w\" sizes=\"(max-width: 2560px) 100vw, 2560px\" \/>\n\t\t\t<\/dt><\/dl><br style=\"clear: both\" \/><dl class='gallery-item'>\n\t\t\t<dt class='gallery-icon landscape'>\n\t\t\t\t<img width=\"1728\" height=\"1296\" src=\"http:\/\/caniskol.fr\/wp-content\/uploads\/2018\/06\/balade-caniskol-juin-2019.jpg\" class=\"attachment-full size-full\" alt=\"\" loading=\"lazy\" srcset=\"http:\/\/caniskol.fr\/wp-content\/uploads\/2018\/06\/balade-caniskol-juin-2019.jpg 1728w, http:\/\/caniskol.fr\/wp-content\/uploads\/2018\/06\/balade-caniskol-juin-2019-300x225.jpg 300w, http:\/\/caniskol.fr\/wp-content\/uploads\/2018\/06\/balade-caniskol-juin-2019-768x576.jpg 768w, http:\/\/caniskol.fr\/wp-content\/uploads\/2018\/06\/balade-caniskol-juin-2019-1024x768.jpg 1024w\" sizes=\"(max-width: 1728px) 100vw, 1728px\" \/>\n\t\t\t<\/dt><\/dl><dl class='gallery-item'>\n\t\t\t<dt class='gallery-icon landscape'>\n\t\t\t\t<img width=\"2048\" height=\"1289\" src=\"http:\/\/caniskol.fr\/wp-content\/uploads\/2018\/06\/52141366_1459104804224946_1684925677494599680_o.jpg\" class=\"attachment-full size-full\" alt=\"\" loading=\"lazy\" srcset=\"http:\/\/caniskol.fr\/wp-content\/uploads\/2018\/06\/52141366_1459104804224946_1684925677494599680_o.jpg 2048w, http:\/\/caniskol.fr\/wp-content\/uploads\/2018\/06\/52141366_1459104804224946_1684925677494599680_o-300x189.jpg 300w, http:\/\/caniskol.fr\/wp-content\/uploads\/2018\/06\/52141366_1459104804224946_1684925677494599680_o-768x483.jpg 768w, http:\/\/caniskol.fr\/wp-content\/uploads\/2018\/06\/52141366_1459104804224946_1684925677494599680_o-1024x645.jpg 1024w\" sizes=\"(max-width: 2048px) 100vw, 2048px\" \/>\n\t\t\t<\/dt><\/dl><br style=\"clear: both\" \/><dl class='gallery-item'>\n\t\t\t<dt class='gallery-icon landscape'>\n\t\t\t\t<img width=\"5601\" height=\"3609\" src=\"http:\/\/caniskol.fr\/wp-content\/uploads\/2018\/06\/IMG_2129.jpg\" class=\"attachment-full size-full\" alt=\"\" loading=\"lazy\" srcset=\"http:\/\/caniskol.fr\/wp-content\/uploads\/2018\/06\/IMG_2129.jpg 5601w, http:\/\/caniskol.fr\/wp-content\/uploads\/2018\/06\/IMG_2129-300x193.jpg 300w, http:\/\/caniskol.fr\/wp-content\/uploads\/2018\/06\/IMG_2129-768x495.jpg 768w, http:\/\/caniskol.fr\/wp-content\/uploads\/2018\/06\/IMG_2129-1024x660.jpg 1024w\" sizes=\"(max-width: 5601px) 100vw, 5601px\" \/>\n\t\t\t<\/dt><\/dl><dl class='gallery-item'>\n\t\t\t<dt class='gallery-icon landscape'>\n\t\t\t\t<img width=\"4608\" height=\"3456\" src=\"http:\/\/caniskol.fr\/wp-content\/uploads\/2018\/06\/P6240004.jpg\" class=\"attachment-full size-full\" alt=\"\" loading=\"lazy\" srcset=\"http:\/\/caniskol.fr\/wp-content\/uploads\/2018\/06\/P6240004.jpg 4608w, http:\/\/caniskol.fr\/wp-content\/uploads\/2018\/06\/P6240004-300x225.jpg 300w, http:\/\/caniskol.fr\/wp-content\/uploads\/2018\/06\/P6240004-768x576.jpg 768w, http:\/\/caniskol.fr\/wp-content\/uploads\/2018\/06\/P6240004-1024x768.jpg 1024w\" sizes=\"(max-width: 4608px) 100vw, 4608px\" \/>\n\t\t\t<\/dt><\/dl><br style=\"clear: both\" \/><dl class='gallery-item'>\n\t\t\t<dt class='gallery-icon landscape'>\n\t\t\t\t<img width=\"2560\" height=\"1707\" src=\"http:\/\/caniskol.fr\/wp-content\/uploads\/2022\/02\/Fichier00001-1-scaled.jpg\" class=\"attachment-full size-full\" alt=\"\" loading=\"lazy\" srcset=\"http:\/\/caniskol.fr\/wp-content\/uploads\/2022\/02\/Fichier00001-1-scaled.jpg 2560w, http:\/\/caniskol.fr\/wp-content\/uploads\/2022\/02\/Fichier00001-1-300x200.jpg 300w, http:\/\/caniskol.fr\/wp-content\/uploads\/2022\/02\/Fichier00001-1-1024x683.jpg 1024w, http:\/\/caniskol.fr\/wp-content\/uploads\/2022\/02\/Fichier00001-1-768x512.jpg 768w, http:\/\/caniskol.fr\/wp-content\/uploads\/2022\/02\/Fichier00001-1-1536x1024.jpg 1536w, http:\/\/caniskol.fr\/wp-content\/uploads\/2022\/02\/Fichier00001-1-2048x1365.jpg 2048w\" sizes=\"(max-width: 2560px) 100vw, 2560px\" \/>\n\t\t\t<\/dt><\/dl><dl class='gallery-item'>\n\t\t\t<dt class='gallery-icon landscape'>\n\t\t\t\t<img width=\"2560\" height=\"1707\" src=\"http:\/\/caniskol.fr\/wp-content\/uploads\/2021\/11\/groupe-1-scaled.jpg\" class=\"attachment-full size-full\" alt=\"\" loading=\"lazy\" srcset=\"http:\/\/caniskol.fr\/wp-content\/uploads\/2021\/11\/groupe-1-scaled.jpg 2560w, http:\/\/caniskol.fr\/wp-content\/uploads\/2021\/11\/groupe-1-300x200.jpg 300w, http:\/\/caniskol.fr\/wp-content\/uploads\/2021\/11\/groupe-1-1024x683.jpg 1024w, http:\/\/caniskol.fr\/wp-content\/uploads\/2021\/11\/groupe-1-768x512.jpg 768w, http:\/\/caniskol.fr\/wp-content\/uploads\/2021\/11\/groupe-1-1536x1024.jpg 1536w, http:\/\/caniskol.fr\/wp-content\/uploads\/2021\/11\/groupe-1-2048x1365.jpg 2048w\" sizes=\"(max-width: 2560px) 100vw, 2560px\" \/>\n\t\t\t<\/dt><\/dl><br style=\"clear: both\" \/><dl class='gallery-item'>\n\t\t\t<dt class='gallery-icon landscape'>\n\t\t\t\t<img width=\"2048\" height=\"1261\" src=\"http:\/\/caniskol.fr\/wp-content\/uploads\/2018\/06\/52309263_1459105510891542_1160093550235353088_o.jpg\" class=\"attachment-full size-full\" alt=\"\" loading=\"lazy\" srcset=\"http:\/\/caniskol.fr\/wp-content\/uploads\/2018\/06\/52309263_1459105510891542_1160093550235353088_o.jpg 2048w, http:\/\/caniskol.fr\/wp-content\/uploads\/2018\/06\/52309263_1459105510891542_1160093550235353088_o-300x185.jpg 300w, http:\/\/caniskol.fr\/wp-content\/uploads\/2018\/06\/52309263_1459105510891542_1160093550235353088_o-768x473.jpg 768w, http:\/\/caniskol.fr\/wp-content\/uploads\/2018\/06\/52309263_1459105510891542_1160093550235353088_o-1024x631.jpg 1024w\" sizes=\"(max-width: 2048px) 100vw, 2048px\" \/>\n\t\t\t<\/dt><\/dl><dl class='gallery-item'>\n\t\t\t<dt class='gallery-icon landscape'>\n\t\t\t\t<img width=\"2048\" height=\"1331\" src=\"http:\/\/caniskol.fr\/wp-content\/uploads\/2018\/06\/52582573_1459104760891617_8837973686397960192_o.jpg\" class=\"attachment-full size-full\" alt=\"\" loading=\"lazy\" srcset=\"http:\/\/caniskol.fr\/wp-content\/uploads\/2018\/06\/52582573_1459104760891617_8837973686397960192_o.jpg 2048w, http:\/\/caniskol.fr\/wp-content\/uploads\/2018\/06\/52582573_1459104760891617_8837973686397960192_o-300x195.jpg 300w, http:\/\/caniskol.fr\/wp-content\/uploads\/2018\/06\/52582573_1459104760891617_8837973686397960192_o-768x499.jpg 768w, http:\/\/caniskol.fr\/wp-content\/uploads\/2018\/06\/52582573_1459104760891617_8837973686397960192_o-1024x666.jpg 1024w\" sizes=\"(max-width: 2048px) 100vw, 2048px\" \/>\n\t\t\t<\/dt><\/dl><br style=\"clear: both\" \/><dl class='gallery-item'>\n\t\t\t<dt class='gallery-icon landscape'>\n\t\t\t\t<img width=\"2560\" height=\"1920\" src=\"http:\/\/caniskol.fr\/wp-content\/uploads\/2021\/11\/P7220801-scaled.jpg\" class=\"attachment-full size-full\" alt=\"\" loading=\"lazy\" srcset=\"http:\/\/caniskol.fr\/wp-content\/uploads\/2021\/11\/P7220801-scaled.jpg 2560w, http:\/\/caniskol.fr\/wp-content\/uploads\/2021\/11\/P7220801-300x225.jpg 300w, http:\/\/caniskol.fr\/wp-content\/uploads\/2021\/11\/P7220801-1024x768.jpg 1024w, http:\/\/caniskol.fr\/wp-content\/uploads\/2021\/11\/P7220801-768x576.jpg 768w, http:\/\/caniskol.fr\/wp-content\/uploads\/2021\/11\/P7220801-1536x1152.jpg 1536w, http:\/\/caniskol.fr\/wp-content\/uploads\/2021\/11\/P7220801-2048x1536.jpg 2048w\" sizes=\"(max-width: 2560px) 100vw, 2560px\" \/>\n\t\t\t<\/dt><\/dl><dl class='gallery-item'>\n\t\t\t<dt class='gallery-icon landscape'>\n\t\t\t\t<img width=\"2560\" height=\"1707\" src=\"http:\/\/caniskol.fr\/wp-content\/uploads\/2021\/11\/de-dos-1-scaled.jpg\" class=\"attachment-full size-full\" alt=\"\" loading=\"lazy\" srcset=\"http:\/\/caniskol.fr\/wp-content\/uploads\/2021\/11\/de-dos-1-scaled.jpg 2560w, http:\/\/caniskol.fr\/wp-content\/uploads\/2021\/11\/de-dos-1-300x200.jpg 300w, http:\/\/caniskol.fr\/wp-content\/uploads\/2021\/11\/de-dos-1-1024x683.jpg 1024w, http:\/\/caniskol.fr\/wp-content\/uploads\/2021\/11\/de-dos-1-768x512.jpg 768w, http:\/\/caniskol.fr\/wp-content\/uploads\/2021\/11\/de-dos-1-1536x1024.jpg 1536w, http:\/\/caniskol.fr\/wp-content\/uploads\/2021\/11\/de-dos-1-2048x1365.jpg 2048w\" sizes=\"(max-width: 2560px) 100vw, 2560px\" \/>\n\t\t\t<\/dt><\/dl><br style=\"clear: both\" \/><dl class='gallery-item'>\n\t\t\t<dt class='gallery-icon landscape'>\n\t\t\t\t<img width=\"2048\" height=\"1365\" src=\"http:\/\/caniskol.fr\/wp-content\/uploads\/2018\/06\/52654492_1459105654224861_7262300401976737792_o.jpg\" class=\"attachment-full size-full\" alt=\"\" loading=\"lazy\" srcset=\"http:\/\/caniskol.fr\/wp-content\/uploads\/2018\/06\/52654492_1459105654224861_7262300401976737792_o.jpg 2048w, http:\/\/caniskol.fr\/wp-content\/uploads\/2018\/06\/52654492_1459105654224861_7262300401976737792_o-300x200.jpg 300w, http:\/\/caniskol.fr\/wp-content\/uploads\/2018\/06\/52654492_1459105654224861_7262300401976737792_o-768x512.jpg 768w, http:\/\/caniskol.fr\/wp-content\/uploads\/2018\/06\/52654492_1459105654224861_7262300401976737792_o-1024x683.jpg 1024w\" sizes=\"(max-width: 2048px) 100vw, 2048px\" \/>\n\t\t\t<\/dt><\/dl><dl class='gallery-item'>\n\t\t\t<dt class='gallery-icon landscape'>\n\t\t\t\t<img width=\"6000\" height=\"4000\" src=\"http:\/\/caniskol.fr\/wp-content\/uploads\/2018\/06\/IMG_2121.jpg\" class=\"attachment-full size-full\" alt=\"\" loading=\"lazy\" srcset=\"http:\/\/caniskol.fr\/wp-content\/uploads\/2018\/06\/IMG_2121.jpg 6000w, http:\/\/caniskol.fr\/wp-content\/uploads\/2018\/06\/IMG_2121-300x200.jpg 300w, http:\/\/caniskol.fr\/wp-content\/uploads\/2018\/06\/IMG_2121-768x512.jpg 768w, http:\/\/caniskol.fr\/wp-content\/uploads\/2018\/06\/IMG_2121-1024x683.jpg 1024w\" sizes=\"(max-width: 6000px) 100vw, 6000px\" \/>\n\t\t\t<\/dt><\/dl><br style=\"clear: both\" \/><dl class='gallery-item'>\n\t\t\t<dt class='gallery-icon landscape'>\n\t\t\t\t<img width=\"2560\" height=\"1440\" src=\"http:\/\/caniskol.fr\/wp-content\/uploads\/2022\/02\/Fichier00027-1-scaled.jpg\" class=\"attachment-full size-full\" alt=\"\" loading=\"lazy\" srcset=\"http:\/\/caniskol.fr\/wp-content\/uploads\/2022\/02\/Fichier00027-1-scaled.jpg 2560w, http:\/\/caniskol.fr\/wp-content\/uploads\/2022\/02\/Fichier00027-1-300x169.jpg 300w, http:\/\/caniskol.fr\/wp-content\/uploads\/2022\/02\/Fichier00027-1-1024x576.jpg 1024w, http:\/\/caniskol.fr\/wp-content\/uploads\/2022\/02\/Fichier00027-1-768x432.jpg 768w, http:\/\/caniskol.fr\/wp-content\/uploads\/2022\/02\/Fichier00027-1-1536x864.jpg 1536w, http:\/\/caniskol.fr\/wp-content\/uploads\/2022\/02\/Fichier00027-1-2048x1152.jpg 2048w\" sizes=\"(max-width: 2560px) 100vw, 2560px\" \/>\n\t\t\t<\/dt><\/dl><dl class='gallery-item'>\n\t\t\t<dt class='gallery-icon landscape'>\n\t\t\t\t<img width=\"1963\" height=\"1283\" src=\"http:\/\/caniskol.fr\/wp-content\/uploads\/2018\/06\/52534563_1459105437558216_1171493089223639040_o.jpg\" class=\"attachment-full size-full\" alt=\"\" loading=\"lazy\" srcset=\"http:\/\/caniskol.fr\/wp-content\/uploads\/2018\/06\/52534563_1459105437558216_1171493089223639040_o.jpg 1963w, http:\/\/caniskol.fr\/wp-content\/uploads\/2018\/06\/52534563_1459105437558216_1171493089223639040_o-300x196.jpg 300w, http:\/\/caniskol.fr\/wp-content\/uploads\/2018\/06\/52534563_1459105437558216_1171493089223639040_o-768x502.jpg 768w, http:\/\/caniskol.fr\/wp-content\/uploads\/2018\/06\/52534563_1459105437558216_1171493089223639040_o-1024x669.jpg 1024w\" sizes=\"(max-width: 1963px) 100vw, 1963px\" \/>\n\t\t\t<\/dt><\/dl><br style=\"clear: both\" \/><dl class='gallery-item'>\n\t\t\t<dt class='gallery-icon landscape'>\n\t\t\t\t<img width=\"6000\" height=\"4000\" src=\"http:\/\/caniskol.fr\/wp-content\/uploads\/2018\/06\/IMG_2119.jpg\" class=\"attachment-full size-full\" alt=\"\" loading=\"lazy\" srcset=\"http:\/\/caniskol.fr\/wp-content\/uploads\/2018\/06\/IMG_2119.jpg 6000w, http:\/\/caniskol.fr\/wp-content\/uploads\/2018\/06\/IMG_2119-300x200.jpg 300w, http:\/\/caniskol.fr\/wp-content\/uploads\/2018\/06\/IMG_2119-768x512.jpg 768w, http:\/\/caniskol.fr\/wp-content\/uploads\/2018\/06\/IMG_2119-1024x683.jpg 1024w\" sizes=\"(max-width: 6000px) 100vw, 6000px\" \/>\n\t\t\t<\/dt><\/dl><dl class='gallery-item'>\n\t\t\t<dt class='gallery-icon landscape'>\n\t\t\t\t<img width=\"1728\" height=\"1296\" src=\"http:\/\/caniskol.fr\/wp-content\/uploads\/2018\/06\/balade-caniskol-juin-2019-bis.jpg\" class=\"attachment-full size-full\" alt=\"\" loading=\"lazy\" srcset=\"http:\/\/caniskol.fr\/wp-content\/uploads\/2018\/06\/balade-caniskol-juin-2019-bis.jpg 1728w, http:\/\/caniskol.fr\/wp-content\/uploads\/2018\/06\/balade-caniskol-juin-2019-bis-300x225.jpg 300w, http:\/\/caniskol.fr\/wp-content\/uploads\/2018\/06\/balade-caniskol-juin-2019-bis-768x576.jpg 768w, http:\/\/caniskol.fr\/wp-content\/uploads\/2018\/06\/balade-caniskol-juin-2019-bis-1024x768.jpg 1024w\" sizes=\"(max-width: 1728px) 100vw, 1728px\" \/>\n\t\t\t<\/dt><\/dl><br style=\"clear: both\" \/><dl class='gallery-item'>\n\t\t\t<dt class='gallery-icon landscape'>\n\t\t\t\t<img width=\"6000\" height=\"4000\" src=\"http:\/\/caniskol.fr\/wp-content\/uploads\/2018\/06\/IMG_2113.jpg\" class=\"attachment-full size-full\" alt=\"\" loading=\"lazy\" srcset=\"http:\/\/caniskol.fr\/wp-content\/uploads\/2018\/06\/IMG_2113.jpg 6000w, http:\/\/caniskol.fr\/wp-content\/uploads\/2018\/06\/IMG_2113-300x200.jpg 300w, http:\/\/caniskol.fr\/wp-content\/uploads\/2018\/06\/IMG_2113-768x512.jpg 768w, http:\/\/caniskol.fr\/wp-content\/uploads\/2018\/06\/IMG_2113-1024x683.jpg 1024w\" sizes=\"(max-width: 6000px) 100vw, 6000px\" \/>\n\t\t\t<\/dt><\/dl><dl class='gallery-item'>\n\t\t\t<dt class='gallery-icon landscape'>\n\t\t\t\t<img width=\"5880\" height=\"3099\" src=\"http:\/\/caniskol.fr\/wp-content\/uploads\/2018\/06\/IMG_2162.jpg\" class=\"attachment-full size-full\" alt=\"\" loading=\"lazy\" srcset=\"http:\/\/caniskol.fr\/wp-content\/uploads\/2018\/06\/IMG_2162.jpg 5880w, http:\/\/caniskol.fr\/wp-content\/uploads\/2018\/06\/IMG_2162-300x158.jpg 300w, http:\/\/caniskol.fr\/wp-content\/uploads\/2018\/06\/IMG_2162-768x405.jpg 768w, http:\/\/caniskol.fr\/wp-content\/uploads\/2018\/06\/IMG_2162-1024x540.jpg 1024w\" sizes=\"(max-width: 5880px) 100vw, 5880px\" \/>\n\t\t\t<\/dt><\/dl><br style=\"clear: both\" \/><dl class='gallery-item'>\n\t\t\t<dt class='gallery-icon landscape'>\n\t\t\t\t<img width=\"6000\" height=\"4000\" src=\"http:\/\/caniskol.fr\/wp-content\/uploads\/2018\/06\/IMG_2144.jpg\" class=\"attachment-full size-full\" alt=\"\" loading=\"lazy\" srcset=\"http:\/\/caniskol.fr\/wp-content\/uploads\/2018\/06\/IMG_2144.jpg 6000w, http:\/\/caniskol.fr\/wp-content\/uploads\/2018\/06\/IMG_2144-300x200.jpg 300w, http:\/\/caniskol.fr\/wp-content\/uploads\/2018\/06\/IMG_2144-768x512.jpg 768w, http:\/\/caniskol.fr\/wp-content\/uploads\/2018\/06\/IMG_2144-1024x683.jpg 1024w\" sizes=\"(max-width: 6000px) 100vw, 6000px\" \/>\n\t\t\t<\/dt><\/dl><dl class='gallery-item'>\n\t\t\t<dt class='gallery-icon landscape'>\n\t\t\t\t<img width=\"6000\" height=\"4000\" src=\"http:\/\/caniskol.fr\/wp-content\/uploads\/2018\/06\/IMG_2141.jpg\" class=\"attachment-full size-full\" alt=\"\" loading=\"lazy\" srcset=\"http:\/\/caniskol.fr\/wp-content\/uploads\/2018\/06\/IMG_2141.jpg 6000w, http:\/\/caniskol.fr\/wp-content\/uploads\/2018\/06\/IMG_2141-300x200.jpg 300w, http:\/\/caniskol.fr\/wp-content\/uploads\/2018\/06\/IMG_2141-768x512.jpg 768w, http:\/\/caniskol.fr\/wp-content\/uploads\/2018\/06\/IMG_2141-1024x683.jpg 1024w\" sizes=\"(max-width: 6000px) 100vw, 6000px\" \/>\n\t\t\t<\/dt><\/dl><br style=\"clear: both\" \/>\n\t\t<\/div>\n\n","protected":false},"excerpt":{"rendered":"<p>Vous avez un chiot\/chien et vous souhaitez le socialiser ? Les balades sociales sont l\u2019occasion pour votre chien d\u2019enrichir sa vie sociale, de faire de nouvelles rencontres canines et humaines et d\u2019enrichir toujours plus sa communication canine et son r\u00e9pertoire comportemental Les balades sociales s\u2019adressent : \u2013 Aux chiots qui ont besoin d\u2019\u00eatre socialiser, de&#8230; <\/p>\n<div class=\"read-more\"><a href=\"http:\/\/caniskol.fr\/index.php\/balades-sociales-chiots-et-chiens\/\">Lire la suite<\/a><\/div>\n","protected":false},"author":1,"featured_media":0,"parent":0,"menu_order":7,"comment_status":"closed","ping_status":"closed","template":"","meta":[],"_links":{"self":[{"href":"http:\/\/caniskol.fr\/index.php\/wp-json\/wp\/v2\/pages\/2438"}],"collection":[{"href":"http:\/\/caniskol.fr\/index.php\/wp-json\/wp\/v2\/pages"}],"about":[{"href":"http:\/\/caniskol.fr\/index.php\/wp-json\/wp\/v2\/types\/page"}],"author":[{"embeddable":true,"href":"http:\/\/caniskol.fr\/index.php\/wp-json\/wp\/v2\/users\/1"}],"replies":[{"embeddable":true,"href":"http:\/\/caniskol.fr\/index.php\/wp-json\/wp\/v2\/comments?post=2438"}],"version-history":[{"count":36,"href":"http:\/\/caniskol.fr\/index.php\/wp-json\/wp\/v2\/pages\/2438\/revisions"}],"predecessor-version":[{"id":5114,"href":"http:\/\/caniskol.fr\/index.php\/wp-json\/wp\/v2\/pages\/2438\/revisions\/5114"}],"wp:attachment":[{"href":"http:\/\/caniskol.fr\/index.php\/wp-json\/wp\/v2\/media?parent=2438"}],"curies":[{"name":"wp","href":"https:\/\/api.w.org\/{rel}","templated":true}]}}