{"id":3105,"date":"2021-04-05T08:20:07","date_gmt":"2021-04-05T07:20:07","guid":{"rendered":"http:\/\/caniskol.fr\/?page_id=3105"},"modified":"2026-03-30T13:38:33","modified_gmt":"2026-03-30T12:38:33","slug":"enfants-6-12ans","status":"publish","type":"page","link":"http:\/\/caniskol.fr\/index.php\/loisirs-canins\/enfants-6-12ans\/","title":{"rendered":"Petits Maitres 6-12 ans"},"content":{"rendered":"<p style=\"text-align: justify;\"><strong>Les vacances scolaires, c&rsquo;est l&rsquo;occasion de faire quelques activit\u00e9s sympathiques et ludiques en famille ! Cani&rsquo;Skol propose des ateliers divertissants pour vos enfants et vos chiens, o\u00f9 tous les apprentissages se font sous forme d&rsquo;activit\u00e9s adapt\u00e9es \u00e0 leurs \u00e2ges ou sous forme de jeu.\u00a0<\/strong><\/p>\n<div id=\"attachment_3326\" style=\"width: 1284px\" class=\"wp-caption aligncenter\"><a href=\"http:\/\/caniskol.fr\/wp-content\/uploads\/2021\/04\/Atelier-enfant-couv-e1666862803785.jpg\" target=\"_blank\" rel=\"noopener\"><img aria-describedby=\"caption-attachment-3326\" loading=\"lazy\" class=\"wp-image-3326 size-full\" src=\"http:\/\/caniskol.fr\/wp-content\/uploads\/2021\/04\/Atelier-enfant-couv-e1666862803785.jpg\" alt=\"Atelier enfant caniskol\" width=\"1274\" height=\"805\" srcset=\"http:\/\/caniskol.fr\/wp-content\/uploads\/2021\/04\/Atelier-enfant-couv-e1666862803785.jpg 1274w, http:\/\/caniskol.fr\/wp-content\/uploads\/2021\/04\/Atelier-enfant-couv-e1666862803785-300x190.jpg 300w, http:\/\/caniskol.fr\/wp-content\/uploads\/2021\/04\/Atelier-enfant-couv-e1666862803785-768x485.jpg 768w, http:\/\/caniskol.fr\/wp-content\/uploads\/2021\/04\/Atelier-enfant-couv-e1666862803785-1024x647.jpg 1024w\" sizes=\"(max-width: 1274px) 100vw, 1274px\" \/><\/a><p id=\"caption-attachment-3326\" class=\"wp-caption-text\">atelier enfant chien canin vacances scolaires caniskol \u00e9ducation socialisation agility jeu<\/p><\/div>\n<p style=\"text-align: justify;\">Les ateliers ont lieu \u00e0 chaque vacances scolaires, petites et grandes ! Prochain atelier le mercredi 15 juillet 2026 de 13h30 \u00e0 16h00<br \/>\nN&rsquo;h\u00e9sitez pas \u00e0 me contacter pour connaitre les prochaines dates: 06.66.46.33.62<\/p>\n<p>Programme de l&rsquo;atelier:<\/p>\n<p>&#8211; D\u00e9tente des chiens<br \/>\n&#8211; Communication canine avec support vid\u00e9o et observation des interactions des canid\u00e9s<br \/>\n&#8211; Apprentissage de tricks (donne la patte, fais le beau, roule, passe entre les jambes, pirouette cacahu\u00e8te etc)<br \/>\n&#8211; Respect de l&rsquo;animal (comportements \u00e0 adopter et \u00e0 proscrire)<br \/>\n&#8211; Jeux: Courses, relais, 1-2-3 soleil&#8230;je ne vous d\u00e9voile pas tout<br \/>\n&#8211; D\u00e9couverte et initiation agility<br \/>\n&#8211; Fabrication d&rsquo;un jouet pour chien<br \/>\n&#8211; Gouter<\/p>\n<p style=\"text-align: justify;\">L&rsquo;atelier est encadr\u00e9 par Charl\u00e8ne, \u00e9ducateur canin professionnelle dipl\u00f4m\u00e9e et ancienne animatrice pour enfant, dipl\u00f4m\u00e9e d&rsquo;un BAFA et BAFD (Brevet aux fonctions d&rsquo;animateur et directeur) ayant exerc\u00e9 aupr\u00e8s d&rsquo;enfants de 6 \u00e0 17 ans.<\/p>\n<p style=\"text-align: justify;\">Date, horaire, lieu: Le mercredi pendant les vacances scolaires, de 13h30 \u00e0 16h00, \u00e0 Maure de Bretagne 35330.<br \/>\nTarif 25\u20ac\/bin\u00f4me enfant + chien<br \/>\nNombre de place limit\u00e9e \u00e0 8 participants<br \/>\nL\u2019atelier n\u2019aura lieu que si un minimum de 4 participants sont inscrits.<br \/>\nLe tarif comprend toutes les activit\u00e9s, jeux, boisson et go\u00fbter.<br \/>\nCet atelier est r\u00e9serv\u00e9 aux enfants entre 6 et 12 ans.<\/p>\n<p style=\"text-align: justify;\">Les chiens de tous \u00e2ges et toutes tailles sont accept\u00e9s. Toutefois, ne confiez pas un chien de tr\u00e8s grande taille ou de force disproportionn\u00e9e \u00e0 celle de l&rsquo;enfant si ce dernier s&rsquo;en occupe pour la premi\u00e8re fois.<br \/>\nLes parents sont invit\u00e9s \u00e0 rester mais il n&rsquo;y a pas d&rsquo;obligation.<br \/>\nSi votre enfant n&rsquo;a pas encore de chien nous mettons \u00e0 sa disposition un de nos chiens afin qu&rsquo;il puisse de rendre compte des implications li\u00e9s \u00e0 la possession d&rsquo;un animal domestique (nos chiens sont parfaitement sociables et habitu\u00e9s aux enfants)<\/p>\n<p>Conditions de participation:<br \/>\n&#8211; Toutes races \u00e0 partir de 6 mois.<br \/>\n&#8211; Chien d\u00e9parasit\u00e9, identifi\u00e9 et vaccins \u00e0 jour.<br \/>\n&#8211; Chien SOCIABLE +++ (C&rsquo;est la priorit\u00e9 !)<br \/>\n&#8211; Femelles en chaleurs non admises.<\/p>\n<p>Prochain atelier le mercredi 15 juillet 2026 de 13h30 \u00e0 16h00<br \/>\n<strong><a href=\"mailto:email@exemple.com?subject=Atelier Petit Maitre\">Contactez moi<\/a> <\/strong>pour vous inscrire au 06.66.46.33.62<\/p>\n\n\t\t<style type=\"text\/css\">\n\t\t\t#gallery-1 {\n\t\t\t\tmargin: auto;\n\t\t\t}\n\t\t\t#gallery-1 .gallery-item {\n\t\t\t\tfloat: left;\n\t\t\t\tmargin-top: 10px;\n\t\t\t\ttext-align: center;\n\t\t\t\twidth: 33%;\n\t\t\t}\n\t\t\t#gallery-1 img {\n\t\t\t\tborder: 2px solid #cfcfcf;\n\t\t\t}\n\t\t\t#gallery-1 .gallery-caption {\n\t\t\t\tmargin-left: 0;\n\t\t\t}\n\t\t\t\/* see gallery_shortcode() in wp-includes\/media.php *\/\n\t\t<\/style>\n\t\t<div id='gallery-1' class='gallery galleryid-3105 gallery-columns-3 gallery-size-medium'><dl class='gallery-item'>\n\t\t\t<dt class='gallery-icon landscape'>\n\t\t\t\t<a href='http:\/\/caniskol.fr\/wp-content\/uploads\/2021\/04\/0-1.jpeg'><img width=\"300\" height=\"225\" src=\"http:\/\/caniskol.fr\/wp-content\/uploads\/2021\/04\/0-1-300x225.jpeg\" class=\"attachment-medium size-medium\" alt=\"\" loading=\"lazy\" srcset=\"http:\/\/caniskol.fr\/wp-content\/uploads\/2021\/04\/0-1-300x225.jpeg 300w, http:\/\/caniskol.fr\/wp-content\/uploads\/2021\/04\/0-1.jpeg 640w\" sizes=\"(max-width: 300px) 100vw, 300px\" \/><\/a>\n\t\t\t<\/dt><\/dl><dl class='gallery-item'>\n\t\t\t<dt class='gallery-icon landscape'>\n\t\t\t\t<a href='http:\/\/caniskol.fr\/wp-content\/uploads\/2021\/04\/IMG_0455.jpg'><img width=\"300\" height=\"177\" src=\"http:\/\/caniskol.fr\/wp-content\/uploads\/2021\/04\/IMG_0455-300x177.jpg\" class=\"attachment-medium size-medium\" alt=\"\" loading=\"lazy\" srcset=\"http:\/\/caniskol.fr\/wp-content\/uploads\/2021\/04\/IMG_0455-300x177.jpg 300w, http:\/\/caniskol.fr\/wp-content\/uploads\/2021\/04\/IMG_0455-768x453.jpg 768w, http:\/\/caniskol.fr\/wp-content\/uploads\/2021\/04\/IMG_0455-1024x604.jpg 1024w\" sizes=\"(max-width: 300px) 100vw, 300px\" \/><\/a>\n\t\t\t<\/dt><\/dl><dl class='gallery-item'>\n\t\t\t<dt class='gallery-icon landscape'>\n\t\t\t\t<a href='http:\/\/caniskol.fr\/wp-content\/uploads\/2021\/04\/IMG_1766.jpg'><img width=\"300\" height=\"200\" src=\"http:\/\/caniskol.fr\/wp-content\/uploads\/2021\/04\/IMG_1766-300x200.jpg\" class=\"attachment-medium size-medium\" alt=\"\" loading=\"lazy\" srcset=\"http:\/\/caniskol.fr\/wp-content\/uploads\/2021\/04\/IMG_1766-300x200.jpg 300w, http:\/\/caniskol.fr\/wp-content\/uploads\/2021\/04\/IMG_1766-768x512.jpg 768w, http:\/\/caniskol.fr\/wp-content\/uploads\/2021\/04\/IMG_1766-1024x683.jpg 1024w\" sizes=\"(max-width: 300px) 100vw, 300px\" \/><\/a>\n\t\t\t<\/dt><\/dl><br style=\"clear: both\" \/><dl class='gallery-item'>\n\t\t\t<dt class='gallery-icon landscape'>\n\t\t\t\t<a href='http:\/\/caniskol.fr\/wp-content\/uploads\/2021\/04\/IMG_1762.jpg'><img width=\"300\" height=\"200\" src=\"http:\/\/caniskol.fr\/wp-content\/uploads\/2021\/04\/IMG_1762-300x200.jpg\" class=\"attachment-medium size-medium\" alt=\"\" loading=\"lazy\" srcset=\"http:\/\/caniskol.fr\/wp-content\/uploads\/2021\/04\/IMG_1762-300x200.jpg 300w, http:\/\/caniskol.fr\/wp-content\/uploads\/2021\/04\/IMG_1762-768x512.jpg 768w, http:\/\/caniskol.fr\/wp-content\/uploads\/2021\/04\/IMG_1762-1024x683.jpg 1024w\" sizes=\"(max-width: 300px) 100vw, 300px\" \/><\/a>\n\t\t\t<\/dt><\/dl><dl class='gallery-item'>\n\t\t\t<dt class='gallery-icon landscape'>\n\t\t\t\t<a href='http:\/\/caniskol.fr\/wp-content\/uploads\/2022\/10\/IMG_8778-scaled.jpg'><img width=\"300\" height=\"200\" src=\"http:\/\/caniskol.fr\/wp-content\/uploads\/2022\/10\/IMG_8778-300x200.jpg\" class=\"attachment-medium size-medium\" alt=\"\" loading=\"lazy\" srcset=\"http:\/\/caniskol.fr\/wp-content\/uploads\/2022\/10\/IMG_8778-300x200.jpg 300w, http:\/\/caniskol.fr\/wp-content\/uploads\/2022\/10\/IMG_8778-1024x683.jpg 1024w, http:\/\/caniskol.fr\/wp-content\/uploads\/2022\/10\/IMG_8778-768x512.jpg 768w, http:\/\/caniskol.fr\/wp-content\/uploads\/2022\/10\/IMG_8778-1536x1024.jpg 1536w, http:\/\/caniskol.fr\/wp-content\/uploads\/2022\/10\/IMG_8778-2048x1365.jpg 2048w\" sizes=\"(max-width: 300px) 100vw, 300px\" \/><\/a>\n\t\t\t<\/dt><\/dl><dl class='gallery-item'>\n\t\t\t<dt class='gallery-icon landscape'>\n\t\t\t\t<a href='http:\/\/caniskol.fr\/wp-content\/uploads\/2021\/04\/IMG_0442.jpg'><img width=\"300\" height=\"178\" src=\"http:\/\/caniskol.fr\/wp-content\/uploads\/2021\/04\/IMG_0442-300x178.jpg\" class=\"attachment-medium size-medium\" alt=\"\" loading=\"lazy\" srcset=\"http:\/\/caniskol.fr\/wp-content\/uploads\/2021\/04\/IMG_0442-300x178.jpg 300w, http:\/\/caniskol.fr\/wp-content\/uploads\/2021\/04\/IMG_0442-768x456.jpg 768w, http:\/\/caniskol.fr\/wp-content\/uploads\/2021\/04\/IMG_0442-1024x608.jpg 1024w\" sizes=\"(max-width: 300px) 100vw, 300px\" \/><\/a>\n\t\t\t<\/dt><\/dl><br style=\"clear: both\" \/><dl class='gallery-item'>\n\t\t\t<dt class='gallery-icon landscape'>\n\t\t\t\t<a href='http:\/\/caniskol.fr\/wp-content\/uploads\/2021\/04\/IMG_0460.jpg'><img width=\"300\" height=\"200\" src=\"http:\/\/caniskol.fr\/wp-content\/uploads\/2021\/04\/IMG_0460-300x200.jpg\" class=\"attachment-medium size-medium\" alt=\"\" loading=\"lazy\" srcset=\"http:\/\/caniskol.fr\/wp-content\/uploads\/2021\/04\/IMG_0460-300x200.jpg 300w, http:\/\/caniskol.fr\/wp-content\/uploads\/2021\/04\/IMG_0460-768x512.jpg 768w, http:\/\/caniskol.fr\/wp-content\/uploads\/2021\/04\/IMG_0460-1024x683.jpg 1024w\" sizes=\"(max-width: 300px) 100vw, 300px\" \/><\/a>\n\t\t\t<\/dt><\/dl><dl class='gallery-item'>\n\t\t\t<dt class='gallery-icon landscape'>\n\t\t\t\t<a href='http:\/\/caniskol.fr\/wp-content\/uploads\/2022\/10\/IMG_8718-scaled.jpg'><img width=\"300\" height=\"200\" src=\"http:\/\/caniskol.fr\/wp-content\/uploads\/2022\/10\/IMG_8718-300x200.jpg\" class=\"attachment-medium size-medium\" alt=\"\" loading=\"lazy\" srcset=\"http:\/\/caniskol.fr\/wp-content\/uploads\/2022\/10\/IMG_8718-300x200.jpg 300w, http:\/\/caniskol.fr\/wp-content\/uploads\/2022\/10\/IMG_8718-1024x683.jpg 1024w, http:\/\/caniskol.fr\/wp-content\/uploads\/2022\/10\/IMG_8718-768x512.jpg 768w, http:\/\/caniskol.fr\/wp-content\/uploads\/2022\/10\/IMG_8718-1536x1024.jpg 1536w, http:\/\/caniskol.fr\/wp-content\/uploads\/2022\/10\/IMG_8718-2048x1365.jpg 2048w\" sizes=\"(max-width: 300px) 100vw, 300px\" \/><\/a>\n\t\t\t<\/dt><\/dl><dl class='gallery-item'>\n\t\t\t<dt class='gallery-icon landscape'>\n\t\t\t\t<a href='http:\/\/caniskol.fr\/wp-content\/uploads\/2021\/04\/IMG_0459.jpg'><img width=\"300\" height=\"200\" src=\"http:\/\/caniskol.fr\/wp-content\/uploads\/2021\/04\/IMG_0459-300x200.jpg\" class=\"attachment-medium size-medium\" alt=\"\" loading=\"lazy\" srcset=\"http:\/\/caniskol.fr\/wp-content\/uploads\/2021\/04\/IMG_0459-300x200.jpg 300w, http:\/\/caniskol.fr\/wp-content\/uploads\/2021\/04\/IMG_0459-768x512.jpg 768w, http:\/\/caniskol.fr\/wp-content\/uploads\/2021\/04\/IMG_0459-1024x683.jpg 1024w\" sizes=\"(max-width: 300px) 100vw, 300px\" \/><\/a>\n\t\t\t<\/dt><\/dl><br style=\"clear: both\" \/><dl class='gallery-item'>\n\t\t\t<dt class='gallery-icon landscape'>\n\t\t\t\t<a href='http:\/\/caniskol.fr\/wp-content\/uploads\/2022\/10\/IMG_8790-scaled.jpg'><img width=\"300\" height=\"200\" src=\"http:\/\/caniskol.fr\/wp-content\/uploads\/2022\/10\/IMG_8790-300x200.jpg\" class=\"attachment-medium size-medium\" alt=\"\" loading=\"lazy\" srcset=\"http:\/\/caniskol.fr\/wp-content\/uploads\/2022\/10\/IMG_8790-300x200.jpg 300w, http:\/\/caniskol.fr\/wp-content\/uploads\/2022\/10\/IMG_8790-1024x683.jpg 1024w, http:\/\/caniskol.fr\/wp-content\/uploads\/2022\/10\/IMG_8790-768x512.jpg 768w, http:\/\/caniskol.fr\/wp-content\/uploads\/2022\/10\/IMG_8790-1536x1024.jpg 1536w, http:\/\/caniskol.fr\/wp-content\/uploads\/2022\/10\/IMG_8790-2048x1365.jpg 2048w\" sizes=\"(max-width: 300px) 100vw, 300px\" \/><\/a>\n\t\t\t<\/dt><\/dl><dl class='gallery-item'>\n\t\t\t<dt class='gallery-icon portrait'>\n\t\t\t\t<a href='http:\/\/caniskol.fr\/wp-content\/uploads\/2021\/04\/IMG_1741.jpg'><img width=\"194\" height=\"300\" src=\"http:\/\/caniskol.fr\/wp-content\/uploads\/2021\/04\/IMG_1741-194x300.jpg\" class=\"attachment-medium size-medium\" alt=\"\" loading=\"lazy\" srcset=\"http:\/\/caniskol.fr\/wp-content\/uploads\/2021\/04\/IMG_1741-194x300.jpg 194w, http:\/\/caniskol.fr\/wp-content\/uploads\/2021\/04\/IMG_1741-768x1189.jpg 768w, http:\/\/caniskol.fr\/wp-content\/uploads\/2021\/04\/IMG_1741-661x1024.jpg 661w\" sizes=\"(max-width: 194px) 100vw, 194px\" \/><\/a>\n\t\t\t<\/dt><\/dl><dl class='gallery-item'>\n\t\t\t<dt class='gallery-icon landscape'>\n\t\t\t\t<a href='http:\/\/caniskol.fr\/wp-content\/uploads\/2021\/04\/IMG_1756.jpg'><img width=\"300\" height=\"200\" src=\"http:\/\/caniskol.fr\/wp-content\/uploads\/2021\/04\/IMG_1756-300x200.jpg\" class=\"attachment-medium size-medium\" alt=\"\" loading=\"lazy\" srcset=\"http:\/\/caniskol.fr\/wp-content\/uploads\/2021\/04\/IMG_1756-300x200.jpg 300w, http:\/\/caniskol.fr\/wp-content\/uploads\/2021\/04\/IMG_1756-768x512.jpg 768w, http:\/\/caniskol.fr\/wp-content\/uploads\/2021\/04\/IMG_1756-1024x683.jpg 1024w\" sizes=\"(max-width: 300px) 100vw, 300px\" \/><\/a>\n\t\t\t<\/dt><\/dl><br style=\"clear: both\" \/><dl class='gallery-item'>\n\t\t\t<dt class='gallery-icon landscape'>\n\t\t\t\t<a href='http:\/\/caniskol.fr\/wp-content\/uploads\/2021\/04\/IMG_1750.jpg'><img width=\"300\" height=\"200\" src=\"http:\/\/caniskol.fr\/wp-content\/uploads\/2021\/04\/IMG_1750-300x200.jpg\" class=\"attachment-medium size-medium\" alt=\"\" loading=\"lazy\" srcset=\"http:\/\/caniskol.fr\/wp-content\/uploads\/2021\/04\/IMG_1750-300x200.jpg 300w, http:\/\/caniskol.fr\/wp-content\/uploads\/2021\/04\/IMG_1750-768x512.jpg 768w, http:\/\/caniskol.fr\/wp-content\/uploads\/2021\/04\/IMG_1750-1024x683.jpg 1024w\" sizes=\"(max-width: 300px) 100vw, 300px\" \/><\/a>\n\t\t\t<\/dt><\/dl><dl class='gallery-item'>\n\t\t\t<dt class='gallery-icon landscape'>\n\t\t\t\t<a href='http:\/\/caniskol.fr\/wp-content\/uploads\/2021\/04\/IMG_0453.jpg'><img width=\"300\" height=\"200\" src=\"http:\/\/caniskol.fr\/wp-content\/uploads\/2021\/04\/IMG_0453-300x200.jpg\" class=\"attachment-medium size-medium\" alt=\"\" loading=\"lazy\" srcset=\"http:\/\/caniskol.fr\/wp-content\/uploads\/2021\/04\/IMG_0453-300x200.jpg 300w, http:\/\/caniskol.fr\/wp-content\/uploads\/2021\/04\/IMG_0453-768x512.jpg 768w, http:\/\/caniskol.fr\/wp-content\/uploads\/2021\/04\/IMG_0453-1024x683.jpg 1024w\" sizes=\"(max-width: 300px) 100vw, 300px\" \/><\/a>\n\t\t\t<\/dt><\/dl><dl class='gallery-item'>\n\t\t\t<dt class='gallery-icon landscape'>\n\t\t\t\t<a href='http:\/\/caniskol.fr\/wp-content\/uploads\/2022\/10\/IMG_8755-scaled.jpg'><img width=\"300\" height=\"200\" src=\"http:\/\/caniskol.fr\/wp-content\/uploads\/2022\/10\/IMG_8755-300x200.jpg\" class=\"attachment-medium size-medium\" alt=\"\" loading=\"lazy\" srcset=\"http:\/\/caniskol.fr\/wp-content\/uploads\/2022\/10\/IMG_8755-300x200.jpg 300w, http:\/\/caniskol.fr\/wp-content\/uploads\/2022\/10\/IMG_8755-1024x683.jpg 1024w, http:\/\/caniskol.fr\/wp-content\/uploads\/2022\/10\/IMG_8755-768x512.jpg 768w, http:\/\/caniskol.fr\/wp-content\/uploads\/2022\/10\/IMG_8755-1536x1024.jpg 1536w, http:\/\/caniskol.fr\/wp-content\/uploads\/2022\/10\/IMG_8755-2048x1365.jpg 2048w\" sizes=\"(max-width: 300px) 100vw, 300px\" \/><\/a>\n\t\t\t<\/dt><\/dl><br style=\"clear: both\" \/><dl class='gallery-item'>\n\t\t\t<dt class='gallery-icon landscape'>\n\t\t\t\t<a href='http:\/\/caniskol.fr\/wp-content\/uploads\/2022\/10\/IMG_8760-scaled.jpg'><img width=\"300\" height=\"200\" src=\"http:\/\/caniskol.fr\/wp-content\/uploads\/2022\/10\/IMG_8760-300x200.jpg\" class=\"attachment-medium size-medium\" alt=\"\" loading=\"lazy\" srcset=\"http:\/\/caniskol.fr\/wp-content\/uploads\/2022\/10\/IMG_8760-300x200.jpg 300w, http:\/\/caniskol.fr\/wp-content\/uploads\/2022\/10\/IMG_8760-1024x683.jpg 1024w, http:\/\/caniskol.fr\/wp-content\/uploads\/2022\/10\/IMG_8760-768x512.jpg 768w, http:\/\/caniskol.fr\/wp-content\/uploads\/2022\/10\/IMG_8760-1536x1024.jpg 1536w, http:\/\/caniskol.fr\/wp-content\/uploads\/2022\/10\/IMG_8760-2048x1365.jpg 2048w\" sizes=\"(max-width: 300px) 100vw, 300px\" \/><\/a>\n\t\t\t<\/dt><\/dl><dl class='gallery-item'>\n\t\t\t<dt class='gallery-icon landscape'>\n\t\t\t\t<a href='http:\/\/caniskol.fr\/wp-content\/uploads\/2021\/04\/IMG_1746.jpg'><img width=\"300\" height=\"200\" src=\"http:\/\/caniskol.fr\/wp-content\/uploads\/2021\/04\/IMG_1746-300x200.jpg\" class=\"attachment-medium size-medium\" alt=\"\" loading=\"lazy\" srcset=\"http:\/\/caniskol.fr\/wp-content\/uploads\/2021\/04\/IMG_1746-300x200.jpg 300w, http:\/\/caniskol.fr\/wp-content\/uploads\/2021\/04\/IMG_1746-768x512.jpg 768w, http:\/\/caniskol.fr\/wp-content\/uploads\/2021\/04\/IMG_1746-1024x683.jpg 1024w\" sizes=\"(max-width: 300px) 100vw, 300px\" \/><\/a>\n\t\t\t<\/dt><\/dl><dl class='gallery-item'>\n\t\t\t<dt class='gallery-icon landscape'>\n\t\t\t\t<a href='http:\/\/caniskol.fr\/wp-content\/uploads\/2022\/10\/IMG_8733-scaled.jpg'><img width=\"300\" height=\"200\" src=\"http:\/\/caniskol.fr\/wp-content\/uploads\/2022\/10\/IMG_8733-300x200.jpg\" class=\"attachment-medium size-medium\" alt=\"\" loading=\"lazy\" srcset=\"http:\/\/caniskol.fr\/wp-content\/uploads\/2022\/10\/IMG_8733-300x200.jpg 300w, http:\/\/caniskol.fr\/wp-content\/uploads\/2022\/10\/IMG_8733-1024x683.jpg 1024w, http:\/\/caniskol.fr\/wp-content\/uploads\/2022\/10\/IMG_8733-768x512.jpg 768w, http:\/\/caniskol.fr\/wp-content\/uploads\/2022\/10\/IMG_8733-1536x1024.jpg 1536w, http:\/\/caniskol.fr\/wp-content\/uploads\/2022\/10\/IMG_8733-2048x1365.jpg 2048w\" sizes=\"(max-width: 300px) 100vw, 300px\" \/><\/a>\n\t\t\t<\/dt><\/dl><br style=\"clear: both\" \/><dl class='gallery-item'>\n\t\t\t<dt class='gallery-icon landscape'>\n\t\t\t\t<a href='http:\/\/caniskol.fr\/wp-content\/uploads\/2022\/10\/IMG_8724-scaled.jpg'><img width=\"300\" height=\"200\" src=\"http:\/\/caniskol.fr\/wp-content\/uploads\/2022\/10\/IMG_8724-300x200.jpg\" class=\"attachment-medium size-medium\" alt=\"\" loading=\"lazy\" srcset=\"http:\/\/caniskol.fr\/wp-content\/uploads\/2022\/10\/IMG_8724-300x200.jpg 300w, http:\/\/caniskol.fr\/wp-content\/uploads\/2022\/10\/IMG_8724-1024x683.jpg 1024w, http:\/\/caniskol.fr\/wp-content\/uploads\/2022\/10\/IMG_8724-768x512.jpg 768w, http:\/\/caniskol.fr\/wp-content\/uploads\/2022\/10\/IMG_8724-1536x1024.jpg 1536w, http:\/\/caniskol.fr\/wp-content\/uploads\/2022\/10\/IMG_8724-2048x1365.jpg 2048w\" sizes=\"(max-width: 300px) 100vw, 300px\" \/><\/a>\n\t\t\t<\/dt><\/dl><dl class='gallery-item'>\n\t\t\t<dt class='gallery-icon landscape'>\n\t\t\t\t<a href='http:\/\/caniskol.fr\/wp-content\/uploads\/2021\/04\/IMG_1747.jpg'><img width=\"300\" height=\"200\" src=\"http:\/\/caniskol.fr\/wp-content\/uploads\/2021\/04\/IMG_1747-300x200.jpg\" class=\"attachment-medium size-medium\" alt=\"\" loading=\"lazy\" srcset=\"http:\/\/caniskol.fr\/wp-content\/uploads\/2021\/04\/IMG_1747-300x200.jpg 300w, http:\/\/caniskol.fr\/wp-content\/uploads\/2021\/04\/IMG_1747-768x512.jpg 768w, http:\/\/caniskol.fr\/wp-content\/uploads\/2021\/04\/IMG_1747-1024x683.jpg 1024w\" sizes=\"(max-width: 300px) 100vw, 300px\" \/><\/a>\n\t\t\t<\/dt><\/dl><dl class='gallery-item'>\n\t\t\t<dt class='gallery-icon landscape'>\n\t\t\t\t<a href='http:\/\/caniskol.fr\/wp-content\/uploads\/2022\/10\/IMG_8753-scaled.jpg'><img width=\"300\" height=\"200\" src=\"http:\/\/caniskol.fr\/wp-content\/uploads\/2022\/10\/IMG_8753-300x200.jpg\" class=\"attachment-medium size-medium\" alt=\"\" loading=\"lazy\" srcset=\"http:\/\/caniskol.fr\/wp-content\/uploads\/2022\/10\/IMG_8753-300x200.jpg 300w, http:\/\/caniskol.fr\/wp-content\/uploads\/2022\/10\/IMG_8753-1024x683.jpg 1024w, http:\/\/caniskol.fr\/wp-content\/uploads\/2022\/10\/IMG_8753-768x512.jpg 768w, http:\/\/caniskol.fr\/wp-content\/uploads\/2022\/10\/IMG_8753-1536x1024.jpg 1536w, http:\/\/caniskol.fr\/wp-content\/uploads\/2022\/10\/IMG_8753-2048x1365.jpg 2048w\" sizes=\"(max-width: 300px) 100vw, 300px\" \/><\/a>\n\t\t\t<\/dt><\/dl><br style=\"clear: both\" \/><dl class='gallery-item'>\n\t\t\t<dt class='gallery-icon landscape'>\n\t\t\t\t<a href='http:\/\/caniskol.fr\/wp-content\/uploads\/2022\/10\/IMG_8696-scaled.jpg'><img width=\"300\" height=\"200\" src=\"http:\/\/caniskol.fr\/wp-content\/uploads\/2022\/10\/IMG_8696-300x200.jpg\" class=\"attachment-medium size-medium\" alt=\"\" loading=\"lazy\" srcset=\"http:\/\/caniskol.fr\/wp-content\/uploads\/2022\/10\/IMG_8696-300x200.jpg 300w, http:\/\/caniskol.fr\/wp-content\/uploads\/2022\/10\/IMG_8696-1024x683.jpg 1024w, http:\/\/caniskol.fr\/wp-content\/uploads\/2022\/10\/IMG_8696-768x512.jpg 768w, http:\/\/caniskol.fr\/wp-content\/uploads\/2022\/10\/IMG_8696-1536x1024.jpg 1536w, http:\/\/caniskol.fr\/wp-content\/uploads\/2022\/10\/IMG_8696-2048x1365.jpg 2048w\" sizes=\"(max-width: 300px) 100vw, 300px\" \/><\/a>\n\t\t\t<\/dt><\/dl><dl class='gallery-item'>\n\t\t\t<dt class='gallery-icon landscape'>\n\t\t\t\t<a href='http:\/\/caniskol.fr\/wp-content\/uploads\/2021\/04\/IMG_1742.jpg'><img width=\"300\" height=\"200\" src=\"http:\/\/caniskol.fr\/wp-content\/uploads\/2021\/04\/IMG_1742-300x200.jpg\" class=\"attachment-medium size-medium\" alt=\"\" loading=\"lazy\" srcset=\"http:\/\/caniskol.fr\/wp-content\/uploads\/2021\/04\/IMG_1742-300x200.jpg 300w, http:\/\/caniskol.fr\/wp-content\/uploads\/2021\/04\/IMG_1742-768x512.jpg 768w, http:\/\/caniskol.fr\/wp-content\/uploads\/2021\/04\/IMG_1742-1024x683.jpg 1024w\" sizes=\"(max-width: 300px) 100vw, 300px\" \/><\/a>\n\t\t\t<\/dt><\/dl><dl class='gallery-item'>\n\t\t\t<dt class='gallery-icon landscape'>\n\t\t\t\t<a href='http:\/\/caniskol.fr\/wp-content\/uploads\/2022\/10\/IMG_8748-scaled.jpg'><img width=\"300\" height=\"200\" src=\"http:\/\/caniskol.fr\/wp-content\/uploads\/2022\/10\/IMG_8748-300x200.jpg\" class=\"attachment-medium size-medium\" alt=\"\" loading=\"lazy\" srcset=\"http:\/\/caniskol.fr\/wp-content\/uploads\/2022\/10\/IMG_8748-300x200.jpg 300w, http:\/\/caniskol.fr\/wp-content\/uploads\/2022\/10\/IMG_8748-1024x683.jpg 1024w, http:\/\/caniskol.fr\/wp-content\/uploads\/2022\/10\/IMG_8748-768x512.jpg 768w, http:\/\/caniskol.fr\/wp-content\/uploads\/2022\/10\/IMG_8748-1536x1024.jpg 1536w, http:\/\/caniskol.fr\/wp-content\/uploads\/2022\/10\/IMG_8748-2048x1365.jpg 2048w\" sizes=\"(max-width: 300px) 100vw, 300px\" \/><\/a>\n\t\t\t<\/dt><\/dl><br style=\"clear: both\" \/><dl class='gallery-item'>\n\t\t\t<dt class='gallery-icon landscape'>\n\t\t\t\t<a href='http:\/\/caniskol.fr\/wp-content\/uploads\/2021\/04\/IMG_1760.jpg'><img width=\"300\" height=\"200\" src=\"http:\/\/caniskol.fr\/wp-content\/uploads\/2021\/04\/IMG_1760-300x200.jpg\" class=\"attachment-medium size-medium\" alt=\"\" loading=\"lazy\" srcset=\"http:\/\/caniskol.fr\/wp-content\/uploads\/2021\/04\/IMG_1760-300x200.jpg 300w, http:\/\/caniskol.fr\/wp-content\/uploads\/2021\/04\/IMG_1760-768x512.jpg 768w, http:\/\/caniskol.fr\/wp-content\/uploads\/2021\/04\/IMG_1760-1024x683.jpg 1024w\" sizes=\"(max-width: 300px) 100vw, 300px\" \/><\/a>\n\t\t\t<\/dt><\/dl><dl class='gallery-item'>\n\t\t\t<dt class='gallery-icon landscape'>\n\t\t\t\t<a href='http:\/\/caniskol.fr\/wp-content\/uploads\/2022\/10\/IMG_8708-scaled.jpg'><img width=\"300\" height=\"200\" src=\"http:\/\/caniskol.fr\/wp-content\/uploads\/2022\/10\/IMG_8708-300x200.jpg\" class=\"attachment-medium size-medium\" alt=\"\" loading=\"lazy\" srcset=\"http:\/\/caniskol.fr\/wp-content\/uploads\/2022\/10\/IMG_8708-300x200.jpg 300w, http:\/\/caniskol.fr\/wp-content\/uploads\/2022\/10\/IMG_8708-1024x683.jpg 1024w, http:\/\/caniskol.fr\/wp-content\/uploads\/2022\/10\/IMG_8708-768x512.jpg 768w, http:\/\/caniskol.fr\/wp-content\/uploads\/2022\/10\/IMG_8708-1536x1024.jpg 1536w, http:\/\/caniskol.fr\/wp-content\/uploads\/2022\/10\/IMG_8708-2048x1365.jpg 2048w\" sizes=\"(max-width: 300px) 100vw, 300px\" \/><\/a>\n\t\t\t<\/dt><\/dl>\n\t\t\t<br style='clear: both' \/>\n\t\t<\/div>\n\n","protected":false},"excerpt":{"rendered":"<p>Les vacances scolaires, c&rsquo;est l&rsquo;occasion de faire quelques activit\u00e9s sympathiques et ludiques en famille ! Cani&rsquo;Skol propose des ateliers divertissants pour vos enfants et vos chiens, o\u00f9 tous les apprentissages se font sous forme d&rsquo;activit\u00e9s adapt\u00e9es \u00e0 leurs \u00e2ges ou sous forme de jeu.\u00a0 Les ateliers ont lieu \u00e0 chaque vacances scolaires, petites et grandes&#8230; <\/p>\n<div class=\"read-more\"><a href=\"http:\/\/caniskol.fr\/index.php\/loisirs-canins\/enfants-6-12ans\/\">Lire la suite<\/a><\/div>\n","protected":false},"author":1,"featured_media":0,"parent":3188,"menu_order":4,"comment_status":"closed","ping_status":"closed","template":"","meta":[],"_links":{"self":[{"href":"http:\/\/caniskol.fr\/index.php\/wp-json\/wp\/v2\/pages\/3105"}],"collection":[{"href":"http:\/\/caniskol.fr\/index.php\/wp-json\/wp\/v2\/pages"}],"about":[{"href":"http:\/\/caniskol.fr\/index.php\/wp-json\/wp\/v2\/types\/page"}],"author":[{"embeddable":true,"href":"http:\/\/caniskol.fr\/index.php\/wp-json\/wp\/v2\/users\/1"}],"replies":[{"embeddable":true,"href":"http:\/\/caniskol.fr\/index.php\/wp-json\/wp\/v2\/comments?post=3105"}],"version-history":[{"count":29,"href":"http:\/\/caniskol.fr\/index.php\/wp-json\/wp\/v2\/pages\/3105\/revisions"}],"predecessor-version":[{"id":5117,"href":"http:\/\/caniskol.fr\/index.php\/wp-json\/wp\/v2\/pages\/3105\/revisions\/5117"}],"up":[{"embeddable":true,"href":"http:\/\/caniskol.fr\/index.php\/wp-json\/wp\/v2\/pages\/3188"}],"wp:attachment":[{"href":"http:\/\/caniskol.fr\/index.php\/wp-json\/wp\/v2\/media?parent=3105"}],"curies":[{"name":"wp","href":"https:\/\/api.w.org\/{rel}","templated":true}]}}